{"id":1211,"date":"2020-07-30T16:29:09","date_gmt":"2020-07-30T16:29:09","guid":{"rendered":"https:\/\/lasastreriavalencia.com\/aviso-legal\/"},"modified":"2021-09-21T09:41:06","modified_gmt":"2021-09-21T09:41:06","slug":"aviso-legal","status":"publish","type":"page","link":"https:\/\/lasastreriavalencia.com\/en\/aviso-legal\/","title":{"rendered":"Aviso legal"},"content":{"rendered":"\n<p>El presente aviso legal regula el uso del sitio web www.lasastreriavalencia.com (en adelante, el &#8220;Sitio Web&#8221;) de RESTAURACION GRUPO LA SASTRERIA SL con CIF B40540650 con domicilio en Calle Jos\u00e9 Benlliure 42 &#8211; 44 bj de Valencia 46015 (Valencia), email info@lasastreriavalencia.com e Inscrita en el Registro Mercantil de Valencia Tomo 10581, Libro 7862, Folio 137, Secci\u00f3n 8, Hoja V-184794<\/p>\n\n\n\n<h2 class=\"wp-block-heading\">Legislaci\u00f3n<\/h2>\n\n\n\n<p>Con car\u00e1cter general las relaciones entre RTE. LA SASTRERIA con los Usuarios de sus servicios telem\u00e1ticos, presentes en este sitio web, se encuentran sometidas a la legislaci\u00f3n y jurisdicci\u00f3n espa\u00f1ola. En concreto Ley Org\u00e1nica 34\/2002, de 11 de Julio, de Servicios de la Sociedad de la Informaci\u00f3n y de Comercio Electr\u00f3nico, el Reglamento General de Protecci\u00f3n de Datos de la Uni\u00f3n Europea 2016\/679 de 27 de abril de 2016 relativo a la protecci\u00f3n de las personas f\u00edsicas en lo que respecta al tratamiento de datos personales y a la libre circulaci\u00f3n de estos datos y Ley Org\u00e1nica 3\/2018, de 5 de diciembre, de Protecci\u00f3n de Datos de Car\u00e1cter Personal y Garant\u00eda de los Derechos Digitales.<\/p>\n\n\n\n<h2 class=\"wp-block-heading\">Uso y acceso de usuarios<\/h2>\n\n\n\n<p><em>El Usuario queda informado, y acepta, que el acceso a la presente web no supone, en modo alguno, el inicio de una relaci\u00f3n comercial con RTE. LA SASTRERIA<\/em><\/p>\n\n\n\n<ul class=\"wp-block-list\"><li>la falta de disponibilidad y continuidad t\u00e9cnica o del funcionamiento de la p\u00e1gina.<\/li><li>de la existencia de virus, programas maliciosos o lesivos en los contenidos,<\/li><li>de la falta de utilidad, adecuaci\u00f3n o validez de la web, servicios, contenidos con el objeto de responder a las necesidades, actividades o expectativas de los usuarios.<\/li><li>Del uso negligente o il\u00edcito de la web en general que no respeten las normas definidas en el presente aviso legal, a la buena fe, orden p\u00fablico.<\/li><li>Errores<\/li><li>La presente web se centra en la promoci\u00f3n y venta de los productos ofertados en el mismo. RTE. LA SASTRERIA se compromete a respetar la veracidad de los datos<\/li><\/ul>\n\n\n\n<p><\/p>\n","protected":false},"excerpt":{"rendered":"<p>El presente aviso legal regula el uso del sitio web www.lasastreriavalencia.com (en adelante, el &#8220;Sitio Web&#8221;) de RESTAURACION GRUPO LA SASTRERIA SL con CIF B40540650 con domicilio en Calle Jos\u00e9 Benlliure 42 &#8211; 44 bj de Valencia 46015 (Valencia), email info@lasastreriavalencia.com e Inscrita en el Registro Mercantil de Valencia Tomo 10581, Libro 7862, Folio 137, [&hellip;]<\/p>\n","protected":false},"author":1,"featured_media":0,"parent":0,"menu_order":0,"comment_status":"closed","ping_status":"closed","template":"","meta":{"_acf_changed":false,"inline_featured_image":false,"footnotes":""},"class_list":["post-1211","page","type-page","status-publish","hentry"],"acf":[],"_links":{"self":[{"href":"https:\/\/lasastreriavalencia.com\/en\/wp-json\/wp\/v2\/pages\/1211","targetHints":{"allow":["GET"]}}],"collection":[{"href":"https:\/\/lasastreriavalencia.com\/en\/wp-json\/wp\/v2\/pages"}],"about":[{"href":"https:\/\/lasastreriavalencia.com\/en\/wp-json\/wp\/v2\/types\/page"}],"author":[{"embeddable":true,"href":"https:\/\/lasastreriavalencia.com\/en\/wp-json\/wp\/v2\/users\/1"}],"replies":[{"embeddable":true,"href":"https:\/\/lasastreriavalencia.com\/en\/wp-json\/wp\/v2\/comments?post=1211"}],"version-history":[{"count":1,"href":"https:\/\/lasastreriavalencia.com\/en\/wp-json\/wp\/v2\/pages\/1211\/revisions"}],"predecessor-version":[{"id":1212,"href":"https:\/\/lasastreriavalencia.com\/en\/wp-json\/wp\/v2\/pages\/1211\/revisions\/1212"}],"wp:attachment":[{"href":"https:\/\/lasastreriavalencia.com\/en\/wp-json\/wp\/v2\/media?parent=1211"}],"curies":[{"name":"wp","href":"https:\/\/api.w.org\/{rel}","templated":true}]}}